{"id":284,"date":"2023-03-25T03:22:17","date_gmt":"2023-03-25T03:22:17","guid":{"rendered":"https:\/\/www.corporacionarion.com\/?post_type=product&#038;p=284"},"modified":"2023-03-25T22:46:51","modified_gmt":"2023-03-25T22:46:51","slug":"1-000-dias-para-cambiar-el-mundo-copia","status":"publish","type":"product","link":"https:\/\/www.corporacionarion.com.co\/?product=1-000-dias-para-cambiar-el-mundo-copia","title":{"rendered":"PROGRAMA DE DESARROLLO INFANTIL EN MEDIO FAMILIAR DIMF"},"content":{"rendered":"\t\t<div data-elementor-type=\"product-post\" data-elementor-id=\"284\" class=\"elementor elementor-284\">\n\t\t\t\t\t\t<section class=\"elementor-section elementor-top-section elementor-element elementor-element-754b462 elementor-section-full_width elementor-section-height-default elementor-section-height-default\" data-id=\"754b462\" data-element_type=\"section\" data-settings=\"{&quot;background_background&quot;:&quot;classic&quot;,&quot;_ha_eqh_enable&quot;:false}\">\n\t\t\t\t\t\t<div class=\"elementor-container elementor-column-gap-default\">\n\t\t\t\t\t<div class=\"elementor-column elementor-col-50 elementor-top-column elementor-element elementor-element-47c4c38\" data-id=\"47c4c38\" data-element_type=\"column\" data-settings=\"{&quot;background_background&quot;:&quot;classic&quot;}\">\n\t\t\t<div class=\"elementor-widget-wrap elementor-element-populated\">\n\t\t\t\t\t\t<div class=\"elementor-element elementor-element-4bed6b7 elementor-hidden-desktop elementor-hidden-tablet elementor-widget elementor-widget-image\" data-id=\"4bed6b7\" data-element_type=\"widget\" data-widget_type=\"image.default\">\n\t\t\t\t<div class=\"elementor-widget-container\">\n\t\t\t\t\t\t\t\t\t\t\t\t\t<img fetchpriority=\"high\" decoding=\"async\" width=\"1000\" height=\"920\" src=\"https:\/\/www.corporacionarion.com.co\/wp-content\/uploads\/2023\/03\/DESARROLLO-INFANTIL-EN-MEDIO-FAMILIAR14-e1679715972214.jpg\" class=\"attachment-large size-large wp-image-360\" alt=\"\" srcset=\"https:\/\/www.corporacionarion.com.co\/wp-content\/uploads\/2023\/03\/DESARROLLO-INFANTIL-EN-MEDIO-FAMILIAR14-e1679715972214.jpg 1000w, https:\/\/www.corporacionarion.com.co\/wp-content\/uploads\/2023\/03\/DESARROLLO-INFANTIL-EN-MEDIO-FAMILIAR14-e1679715972214-600x552.jpg 600w, https:\/\/www.corporacionarion.com.co\/wp-content\/uploads\/2023\/03\/DESARROLLO-INFANTIL-EN-MEDIO-FAMILIAR14-e1679715972214-300x276.jpg 300w, https:\/\/www.corporacionarion.com.co\/wp-content\/uploads\/2023\/03\/DESARROLLO-INFANTIL-EN-MEDIO-FAMILIAR14-e1679715972214-768x707.jpg 768w\" sizes=\"(max-width: 1000px) 100vw, 1000px\" \/>\t\t\t\t\t\t\t\t\t\t\t\t\t<\/div>\n\t\t\t\t<\/div>\n\t\t\t\t\t<\/div>\n\t\t<\/div>\n\t\t\t\t<div class=\"elementor-column elementor-col-50 elementor-top-column elementor-element elementor-element-941df7a\" data-id=\"941df7a\" data-element_type=\"column\" data-settings=\"{&quot;background_background&quot;:&quot;classic&quot;}\">\n\t\t\t<div class=\"elementor-widget-wrap elementor-element-populated\">\n\t\t\t\t\t\t<div class=\"elementor-element elementor-element-0bfa4bb elementor-widget elementor-widget-heading\" data-id=\"0bfa4bb\" data-element_type=\"widget\" data-widget_type=\"heading.default\">\n\t\t\t\t<div class=\"elementor-widget-container\">\n\t\t\t<h2 class=\"elementor-heading-title elementor-size-default\">PROGRAMA DE DESARROLLO <BR>INFANTIL EN MEDIO FAMILIAR DIMF <\/h2>\t\t<\/div>\n\t\t\t\t<\/div>\n\t\t\t\t<div class=\"elementor-element elementor-element-94b87c7 elementor-widget elementor-widget-text-editor\" data-id=\"94b87c7\" data-element_type=\"widget\" data-widget_type=\"text-editor.default\">\n\t\t\t\t<div class=\"elementor-widget-container\">\n\t\t\t\t\t\t\t<p>Participamos en la ejecuci\u00f3n de las pol\u00edticas de Cero a Siempre de ICBF en el programa de Desarrollo Infantil en Medio Familiar DIMF en la Regional Meta en los Municipios de Villavicencio, San Mart\u00edn y Cubarral. <br>Atendimos entre 2013 y 2017 a un total aproximado de 11 mil ni\u00f1os beneficiarios en edades de 0 a 5 a\u00f1os y madres gestantes y lactantes. <br>Inicialmente se trabaj\u00f3 en la zona urbana y paulatinamente nos fuimos trasladando a las veredas. <br>Agradecimiento muy especial a nuestro equipo de trabajo que estaba 100% comprometido con esta bonita labor social. No importaban las distancias, el clima ni el medio de transporte. <br>Agradecimiento a los centros zonales y supervisores q nos apoyaron.<\/p>\t\t\t\t\t\t<\/div>\n\t\t\t\t<\/div>\n\t\t\t\t<div class=\"elementor-element elementor-element-fe3e83a elementor-arrows-position-inside elementor-pagination-position-outside elementor-widget elementor-widget-image-carousel\" data-id=\"fe3e83a\" data-element_type=\"widget\" data-settings=\"{&quot;slides_to_scroll&quot;:&quot;1&quot;,&quot;slides_to_show&quot;:&quot;4&quot;,&quot;navigation&quot;:&quot;both&quot;,&quot;autoplay&quot;:&quot;yes&quot;,&quot;pause_on_hover&quot;:&quot;yes&quot;,&quot;pause_on_interaction&quot;:&quot;yes&quot;,&quot;autoplay_speed&quot;:5000,&quot;infinite&quot;:&quot;yes&quot;,&quot;speed&quot;:500}\" data-widget_type=\"image-carousel.default\">\n\t\t\t\t<div class=\"elementor-widget-container\">\n\t\t\t\t\t<div class=\"elementor-image-carousel-wrapper swiper-container\" dir=\"ltr\">\n\t\t\t<div class=\"elementor-image-carousel swiper-wrapper\" aria-live=\"off\">\n\t\t\t\t\t\t\t\t<div class=\"swiper-slide\" role=\"group\" aria-roledescription=\"slide\" aria-label=\"1 de 13\"><a data-elementor-open-lightbox=\"yes\" data-elementor-lightbox-slideshow=\"fe3e83a\" data-elementor-lightbox-title=\"DESARROLLO INFANTIL EN MEDIO FAMILIAR1\" data-e-action-hash=\"#elementor-action%3Aaction%3Dlightbox%26settings%3DeyJpZCI6Mzc3LCJ1cmwiOiJodHRwczpcL1wvd3d3LmNvcnBvcmFjaW9uYXJpb24uY29tLmNvXC93cC1jb250ZW50XC91cGxvYWRzXC8yMDIzXC8wM1wvREVTQVJST0xMTy1JTkZBTlRJTC1FTi1NRURJTy1GQU1JTElBUjEtMS5qcGciLCJzbGlkZXNob3ciOiJmZTNlODNhIn0%3D\" href=\"https:\/\/www.corporacionarion.com.co\/wp-content\/uploads\/2023\/03\/DESARROLLO-INFANTIL-EN-MEDIO-FAMILIAR1-1.jpg\"><figure class=\"swiper-slide-inner\"><img decoding=\"async\" class=\"swiper-slide-image\" src=\"https:\/\/www.corporacionarion.com.co\/wp-content\/uploads\/2023\/03\/DESARROLLO-INFANTIL-EN-MEDIO-FAMILIAR1-1-150x150.jpg\" alt=\"DESARROLLO INFANTIL EN MEDIO FAMILIAR1\" \/><\/figure><\/a><\/div><div class=\"swiper-slide\" role=\"group\" aria-roledescription=\"slide\" aria-label=\"2 de 13\"><a data-elementor-open-lightbox=\"yes\" data-elementor-lightbox-slideshow=\"fe3e83a\" data-elementor-lightbox-title=\"DESARROLLO INFANTIL EN MEDIO FAMILIAR2\" data-e-action-hash=\"#elementor-action%3Aaction%3Dlightbox%26settings%3DeyJpZCI6Mzc4LCJ1cmwiOiJodHRwczpcL1wvd3d3LmNvcnBvcmFjaW9uYXJpb24uY29tLmNvXC93cC1jb250ZW50XC91cGxvYWRzXC8yMDIzXC8wM1wvREVTQVJST0xMTy1JTkZBTlRJTC1FTi1NRURJTy1GQU1JTElBUjItMS5qcGciLCJzbGlkZXNob3ciOiJmZTNlODNhIn0%3D\" href=\"https:\/\/www.corporacionarion.com.co\/wp-content\/uploads\/2023\/03\/DESARROLLO-INFANTIL-EN-MEDIO-FAMILIAR2-1.jpg\"><figure class=\"swiper-slide-inner\"><img decoding=\"async\" class=\"swiper-slide-image\" src=\"https:\/\/www.corporacionarion.com.co\/wp-content\/uploads\/2023\/03\/DESARROLLO-INFANTIL-EN-MEDIO-FAMILIAR2-1-150x150.jpg\" alt=\"DESARROLLO INFANTIL EN MEDIO FAMILIAR2\" \/><\/figure><\/a><\/div><div class=\"swiper-slide\" role=\"group\" aria-roledescription=\"slide\" aria-label=\"3 de 13\"><a data-elementor-open-lightbox=\"yes\" data-elementor-lightbox-slideshow=\"fe3e83a\" data-elementor-lightbox-title=\"DESARROLLO INFANTIL EN MEDIO FAMILIAR3\" data-e-action-hash=\"#elementor-action%3Aaction%3Dlightbox%26settings%3DeyJpZCI6Mzc5LCJ1cmwiOiJodHRwczpcL1wvd3d3LmNvcnBvcmFjaW9uYXJpb24uY29tLmNvXC93cC1jb250ZW50XC91cGxvYWRzXC8yMDIzXC8wM1wvREVTQVJST0xMTy1JTkZBTlRJTC1FTi1NRURJTy1GQU1JTElBUjMtMS5qcGciLCJzbGlkZXNob3ciOiJmZTNlODNhIn0%3D\" href=\"https:\/\/www.corporacionarion.com.co\/wp-content\/uploads\/2023\/03\/DESARROLLO-INFANTIL-EN-MEDIO-FAMILIAR3-1.jpg\"><figure class=\"swiper-slide-inner\"><img decoding=\"async\" class=\"swiper-slide-image\" src=\"https:\/\/www.corporacionarion.com.co\/wp-content\/uploads\/2023\/03\/DESARROLLO-INFANTIL-EN-MEDIO-FAMILIAR3-1-150x150.jpg\" alt=\"DESARROLLO INFANTIL EN MEDIO FAMILIAR3\" \/><\/figure><\/a><\/div><div class=\"swiper-slide\" role=\"group\" aria-roledescription=\"slide\" aria-label=\"4 de 13\"><a data-elementor-open-lightbox=\"yes\" data-elementor-lightbox-slideshow=\"fe3e83a\" data-elementor-lightbox-title=\"DESARROLLO INFANTIL EN MEDIO FAMILIAR4\" data-e-action-hash=\"#elementor-action%3Aaction%3Dlightbox%26settings%3DeyJpZCI6MzgwLCJ1cmwiOiJodHRwczpcL1wvd3d3LmNvcnBvcmFjaW9uYXJpb24uY29tLmNvXC93cC1jb250ZW50XC91cGxvYWRzXC8yMDIzXC8wM1wvREVTQVJST0xMTy1JTkZBTlRJTC1FTi1NRURJTy1GQU1JTElBUjQtMS5qcGciLCJzbGlkZXNob3ciOiJmZTNlODNhIn0%3D\" href=\"https:\/\/www.corporacionarion.com.co\/wp-content\/uploads\/2023\/03\/DESARROLLO-INFANTIL-EN-MEDIO-FAMILIAR4-1.jpg\"><figure class=\"swiper-slide-inner\"><img decoding=\"async\" class=\"swiper-slide-image\" src=\"https:\/\/www.corporacionarion.com.co\/wp-content\/uploads\/2023\/03\/DESARROLLO-INFANTIL-EN-MEDIO-FAMILIAR4-1-150x150.jpg\" alt=\"DESARROLLO INFANTIL EN MEDIO FAMILIAR4\" \/><\/figure><\/a><\/div><div class=\"swiper-slide\" role=\"group\" aria-roledescription=\"slide\" aria-label=\"5 de 13\"><a data-elementor-open-lightbox=\"yes\" data-elementor-lightbox-slideshow=\"fe3e83a\" data-elementor-lightbox-title=\"DESARROLLO INFANTIL EN MEDIO FAMILIAR5\" data-e-action-hash=\"#elementor-action%3Aaction%3Dlightbox%26settings%3DeyJpZCI6MzgxLCJ1cmwiOiJodHRwczpcL1wvd3d3LmNvcnBvcmFjaW9uYXJpb24uY29tLmNvXC93cC1jb250ZW50XC91cGxvYWRzXC8yMDIzXC8wM1wvREVTQVJST0xMTy1JTkZBTlRJTC1FTi1NRURJTy1GQU1JTElBUjUtMS5qcGciLCJzbGlkZXNob3ciOiJmZTNlODNhIn0%3D\" href=\"https:\/\/www.corporacionarion.com.co\/wp-content\/uploads\/2023\/03\/DESARROLLO-INFANTIL-EN-MEDIO-FAMILIAR5-1.jpg\"><figure class=\"swiper-slide-inner\"><img decoding=\"async\" class=\"swiper-slide-image\" src=\"https:\/\/www.corporacionarion.com.co\/wp-content\/uploads\/2023\/03\/DESARROLLO-INFANTIL-EN-MEDIO-FAMILIAR5-1-150x150.jpg\" alt=\"DESARROLLO INFANTIL EN MEDIO FAMILIAR5\" \/><\/figure><\/a><\/div><div class=\"swiper-slide\" role=\"group\" aria-roledescription=\"slide\" aria-label=\"6 de 13\"><a data-elementor-open-lightbox=\"yes\" data-elementor-lightbox-slideshow=\"fe3e83a\" data-elementor-lightbox-title=\"DESARROLLO INFANTIL EN MEDIO FAMILIAR6\" data-e-action-hash=\"#elementor-action%3Aaction%3Dlightbox%26settings%3DeyJpZCI6MzgyLCJ1cmwiOiJodHRwczpcL1wvd3d3LmNvcnBvcmFjaW9uYXJpb24uY29tLmNvXC93cC1jb250ZW50XC91cGxvYWRzXC8yMDIzXC8wM1wvREVTQVJST0xMTy1JTkZBTlRJTC1FTi1NRURJTy1GQU1JTElBUjYtMS5qcGciLCJzbGlkZXNob3ciOiJmZTNlODNhIn0%3D\" href=\"https:\/\/www.corporacionarion.com.co\/wp-content\/uploads\/2023\/03\/DESARROLLO-INFANTIL-EN-MEDIO-FAMILIAR6-1.jpg\"><figure class=\"swiper-slide-inner\"><img decoding=\"async\" class=\"swiper-slide-image\" src=\"https:\/\/www.corporacionarion.com.co\/wp-content\/uploads\/2023\/03\/DESARROLLO-INFANTIL-EN-MEDIO-FAMILIAR6-1-150x150.jpg\" alt=\"DESARROLLO INFANTIL EN MEDIO FAMILIAR6\" \/><\/figure><\/a><\/div><div class=\"swiper-slide\" role=\"group\" aria-roledescription=\"slide\" aria-label=\"7 de 13\"><a data-elementor-open-lightbox=\"yes\" data-elementor-lightbox-slideshow=\"fe3e83a\" data-elementor-lightbox-title=\"DESARROLLO INFANTIL EN MEDIO FAMILIAR7\" data-e-action-hash=\"#elementor-action%3Aaction%3Dlightbox%26settings%3DeyJpZCI6MzgzLCJ1cmwiOiJodHRwczpcL1wvd3d3LmNvcnBvcmFjaW9uYXJpb24uY29tLmNvXC93cC1jb250ZW50XC91cGxvYWRzXC8yMDIzXC8wM1wvREVTQVJST0xMTy1JTkZBTlRJTC1FTi1NRURJTy1GQU1JTElBUjctMS5qcGciLCJzbGlkZXNob3ciOiJmZTNlODNhIn0%3D\" href=\"https:\/\/www.corporacionarion.com.co\/wp-content\/uploads\/2023\/03\/DESARROLLO-INFANTIL-EN-MEDIO-FAMILIAR7-1.jpg\"><figure class=\"swiper-slide-inner\"><img decoding=\"async\" class=\"swiper-slide-image\" src=\"https:\/\/www.corporacionarion.com.co\/wp-content\/uploads\/2023\/03\/DESARROLLO-INFANTIL-EN-MEDIO-FAMILIAR7-1-150x150.jpg\" alt=\"DESARROLLO INFANTIL EN MEDIO FAMILIAR7\" \/><\/figure><\/a><\/div><div class=\"swiper-slide\" role=\"group\" aria-roledescription=\"slide\" aria-label=\"8 de 13\"><a data-elementor-open-lightbox=\"yes\" data-elementor-lightbox-slideshow=\"fe3e83a\" data-elementor-lightbox-title=\"DESARROLLO INFANTIL EN MEDIO FAMILIAR8\" data-e-action-hash=\"#elementor-action%3Aaction%3Dlightbox%26settings%3DeyJpZCI6Mzg0LCJ1cmwiOiJodHRwczpcL1wvd3d3LmNvcnBvcmFjaW9uYXJpb24uY29tLmNvXC93cC1jb250ZW50XC91cGxvYWRzXC8yMDIzXC8wM1wvREVTQVJST0xMTy1JTkZBTlRJTC1FTi1NRURJTy1GQU1JTElBUjgtMS5qcGciLCJzbGlkZXNob3ciOiJmZTNlODNhIn0%3D\" href=\"https:\/\/www.corporacionarion.com.co\/wp-content\/uploads\/2023\/03\/DESARROLLO-INFANTIL-EN-MEDIO-FAMILIAR8-1.jpg\"><figure class=\"swiper-slide-inner\"><img decoding=\"async\" class=\"swiper-slide-image\" src=\"https:\/\/www.corporacionarion.com.co\/wp-content\/uploads\/2023\/03\/DESARROLLO-INFANTIL-EN-MEDIO-FAMILIAR8-1-150x150.jpg\" alt=\"DESARROLLO INFANTIL EN MEDIO FAMILIAR8\" \/><\/figure><\/a><\/div><div class=\"swiper-slide\" role=\"group\" aria-roledescription=\"slide\" aria-label=\"9 de 13\"><a data-elementor-open-lightbox=\"yes\" data-elementor-lightbox-slideshow=\"fe3e83a\" data-elementor-lightbox-title=\"DESARROLLO INFANTIL EN MEDIO FAMILIAR9\" data-e-action-hash=\"#elementor-action%3Aaction%3Dlightbox%26settings%3DeyJpZCI6Mzg1LCJ1cmwiOiJodHRwczpcL1wvd3d3LmNvcnBvcmFjaW9uYXJpb24uY29tLmNvXC93cC1jb250ZW50XC91cGxvYWRzXC8yMDIzXC8wM1wvREVTQVJST0xMTy1JTkZBTlRJTC1FTi1NRURJTy1GQU1JTElBUjktMS5qcGciLCJzbGlkZXNob3ciOiJmZTNlODNhIn0%3D\" href=\"https:\/\/www.corporacionarion.com.co\/wp-content\/uploads\/2023\/03\/DESARROLLO-INFANTIL-EN-MEDIO-FAMILIAR9-1.jpg\"><figure class=\"swiper-slide-inner\"><img decoding=\"async\" class=\"swiper-slide-image\" src=\"https:\/\/www.corporacionarion.com.co\/wp-content\/uploads\/2023\/03\/DESARROLLO-INFANTIL-EN-MEDIO-FAMILIAR9-1-150x150.jpg\" alt=\"DESARROLLO INFANTIL EN MEDIO FAMILIAR9\" \/><\/figure><\/a><\/div><div class=\"swiper-slide\" role=\"group\" aria-roledescription=\"slide\" aria-label=\"10 de 13\"><a data-elementor-open-lightbox=\"yes\" data-elementor-lightbox-slideshow=\"fe3e83a\" data-elementor-lightbox-title=\"DESARROLLO INFANTIL EN MEDIO FAMILIAR10\" data-e-action-hash=\"#elementor-action%3Aaction%3Dlightbox%26settings%3DeyJpZCI6Mzg2LCJ1cmwiOiJodHRwczpcL1wvd3d3LmNvcnBvcmFjaW9uYXJpb24uY29tLmNvXC93cC1jb250ZW50XC91cGxvYWRzXC8yMDIzXC8wM1wvREVTQVJST0xMTy1JTkZBTlRJTC1FTi1NRURJTy1GQU1JTElBUjEwLTEuanBnIiwic2xpZGVzaG93IjoiZmUzZTgzYSJ9\" href=\"https:\/\/www.corporacionarion.com.co\/wp-content\/uploads\/2023\/03\/DESARROLLO-INFANTIL-EN-MEDIO-FAMILIAR10-1.jpg\"><figure class=\"swiper-slide-inner\"><img decoding=\"async\" class=\"swiper-slide-image\" src=\"https:\/\/www.corporacionarion.com.co\/wp-content\/uploads\/2023\/03\/DESARROLLO-INFANTIL-EN-MEDIO-FAMILIAR10-1-150x150.jpg\" alt=\"DESARROLLO INFANTIL EN MEDIO FAMILIAR10\" \/><\/figure><\/a><\/div><div class=\"swiper-slide\" role=\"group\" aria-roledescription=\"slide\" aria-label=\"11 de 13\"><a data-elementor-open-lightbox=\"yes\" data-elementor-lightbox-slideshow=\"fe3e83a\" data-elementor-lightbox-title=\"DESARROLLO INFANTIL EN MEDIO FAMILIAR11\" data-e-action-hash=\"#elementor-action%3Aaction%3Dlightbox%26settings%3DeyJpZCI6Mzg3LCJ1cmwiOiJodHRwczpcL1wvd3d3LmNvcnBvcmFjaW9uYXJpb24uY29tLmNvXC93cC1jb250ZW50XC91cGxvYWRzXC8yMDIzXC8wM1wvREVTQVJST0xMTy1JTkZBTlRJTC1FTi1NRURJTy1GQU1JTElBUjExLTEuanBnIiwic2xpZGVzaG93IjoiZmUzZTgzYSJ9\" href=\"https:\/\/www.corporacionarion.com.co\/wp-content\/uploads\/2023\/03\/DESARROLLO-INFANTIL-EN-MEDIO-FAMILIAR11-1.jpg\"><figure class=\"swiper-slide-inner\"><img decoding=\"async\" class=\"swiper-slide-image\" src=\"https:\/\/www.corporacionarion.com.co\/wp-content\/uploads\/2023\/03\/DESARROLLO-INFANTIL-EN-MEDIO-FAMILIAR11-1-150x150.jpg\" alt=\"DESARROLLO INFANTIL EN MEDIO FAMILIAR11\" \/><\/figure><\/a><\/div><div class=\"swiper-slide\" role=\"group\" aria-roledescription=\"slide\" aria-label=\"12 de 13\"><a data-elementor-open-lightbox=\"yes\" data-elementor-lightbox-slideshow=\"fe3e83a\" data-elementor-lightbox-title=\"DESARROLLO INFANTIL EN MEDIO FAMILIAR12\" data-e-action-hash=\"#elementor-action%3Aaction%3Dlightbox%26settings%3DeyJpZCI6Mzg4LCJ1cmwiOiJodHRwczpcL1wvd3d3LmNvcnBvcmFjaW9uYXJpb24uY29tLmNvXC93cC1jb250ZW50XC91cGxvYWRzXC8yMDIzXC8wM1wvREVTQVJST0xMTy1JTkZBTlRJTC1FTi1NRURJTy1GQU1JTElBUjEyLTEuanBnIiwic2xpZGVzaG93IjoiZmUzZTgzYSJ9\" href=\"https:\/\/www.corporacionarion.com.co\/wp-content\/uploads\/2023\/03\/DESARROLLO-INFANTIL-EN-MEDIO-FAMILIAR12-1.jpg\"><figure class=\"swiper-slide-inner\"><img decoding=\"async\" class=\"swiper-slide-image\" src=\"https:\/\/www.corporacionarion.com.co\/wp-content\/uploads\/2023\/03\/DESARROLLO-INFANTIL-EN-MEDIO-FAMILIAR12-1-150x150.jpg\" alt=\"DESARROLLO INFANTIL EN MEDIO FAMILIAR12\" \/><\/figure><\/a><\/div><div class=\"swiper-slide\" role=\"group\" aria-roledescription=\"slide\" aria-label=\"13 de 13\"><a data-elementor-open-lightbox=\"yes\" data-elementor-lightbox-slideshow=\"fe3e83a\" data-elementor-lightbox-title=\"DESARROLLO INFANTIL EN MEDIO FAMILIAR13\" data-e-action-hash=\"#elementor-action%3Aaction%3Dlightbox%26settings%3DeyJpZCI6Mzg5LCJ1cmwiOiJodHRwczpcL1wvd3d3LmNvcnBvcmFjaW9uYXJpb24uY29tLmNvXC93cC1jb250ZW50XC91cGxvYWRzXC8yMDIzXC8wM1wvREVTQVJST0xMTy1JTkZBTlRJTC1FTi1NRURJTy1GQU1JTElBUjEzLTEuanBnIiwic2xpZGVzaG93IjoiZmUzZTgzYSJ9\" href=\"https:\/\/www.corporacionarion.com.co\/wp-content\/uploads\/2023\/03\/DESARROLLO-INFANTIL-EN-MEDIO-FAMILIAR13-1.jpg\"><figure class=\"swiper-slide-inner\"><img decoding=\"async\" class=\"swiper-slide-image\" src=\"https:\/\/www.corporacionarion.com.co\/wp-content\/uploads\/2023\/03\/DESARROLLO-INFANTIL-EN-MEDIO-FAMILIAR13-1-150x150.jpg\" alt=\"DESARROLLO INFANTIL EN MEDIO FAMILIAR13\" \/><\/figure><\/a><\/div>\t\t\t<\/div>\n\t\t\t\t\t\t\t\t\t\t\t\t<div class=\"elementor-swiper-button elementor-swiper-button-prev\" role=\"button\" tabindex=\"0\">\n\t\t\t\t\t\t<i aria-hidden=\"true\" class=\"eicon-chevron-left\"><\/i>\t\t\t\t\t<\/div>\n\t\t\t\t\t<div class=\"elementor-swiper-button elementor-swiper-button-next\" role=\"button\" tabindex=\"0\">\n\t\t\t\t\t\t<i aria-hidden=\"true\" class=\"eicon-chevron-right\"><\/i>\t\t\t\t\t<\/div>\n\t\t\t\t\n\t\t\t\t\t\t\t\t\t<div class=\"swiper-pagination\"><\/div>\n\t\t\t\t\t\t\t\t\t<\/div>\n\t\t\t\t<\/div>\n\t\t\t\t<\/div>\n\t\t\t\t\t<\/div>\n\t\t<\/div>\n\t\t\t\t\t<\/div>\n\t\t<\/section>\n\t\t\t\t<\/div>\n\t\t","protected":false},"excerpt":{"rendered":"<p>PROGRAMA DE DESARROLLO INFANTIL EN MEDIO FAMILIAR DIMF Participamos en la ejecuci\u00f3n de las pol\u00edticas de Cero a Siempre de ICBF en el programa de Desarrollo Infantil en Medio Familiar DIMF en la Regional Meta en los Municipios de Villavicencio, San Mart\u00edn y Cubarral. Atendimos entre 2013 y 2017 a un total aproximado de 11 [&hellip;]<\/p>\n","protected":false},"featured_media":337,"comment_status":"open","ping_status":"closed","template":"elementor_canvas","meta":[],"product_cat":[18],"product_tag":[],"class_list":{"0":"post-284","1":"product","2":"type-product","3":"status-publish","4":"has-post-thumbnail","6":"product_cat-proyectos","8":"first","9":"instock","10":"shipping-taxable","11":"product-type-simple"},"_links":{"self":[{"href":"https:\/\/www.corporacionarion.com.co\/index.php?rest_route=\/wp\/v2\/product\/284","targetHints":{"allow":["GET"]}}],"collection":[{"href":"https:\/\/www.corporacionarion.com.co\/index.php?rest_route=\/wp\/v2\/product"}],"about":[{"href":"https:\/\/www.corporacionarion.com.co\/index.php?rest_route=\/wp\/v2\/types\/product"}],"replies":[{"embeddable":true,"href":"https:\/\/www.corporacionarion.com.co\/index.php?rest_route=%2Fwp%2Fv2%2Fcomments&post=284"}],"version-history":[{"count":46,"href":"https:\/\/www.corporacionarion.com.co\/index.php?rest_route=\/wp\/v2\/product\/284\/revisions"}],"predecessor-version":[{"id":1143,"href":"https:\/\/www.corporacionarion.com.co\/index.php?rest_route=\/wp\/v2\/product\/284\/revisions\/1143"}],"wp:featuredmedia":[{"embeddable":true,"href":"https:\/\/www.corporacionarion.com.co\/index.php?rest_route=\/wp\/v2\/media\/337"}],"wp:attachment":[{"href":"https:\/\/www.corporacionarion.com.co\/index.php?rest_route=%2Fwp%2Fv2%2Fmedia&parent=284"}],"wp:term":[{"taxonomy":"product_cat","embeddable":true,"href":"https:\/\/www.corporacionarion.com.co\/index.php?rest_route=%2Fwp%2Fv2%2Fproduct_cat&post=284"},{"taxonomy":"product_tag","embeddable":true,"href":"https:\/\/www.corporacionarion.com.co\/index.php?rest_route=%2Fwp%2Fv2%2Fproduct_tag&post=284"}],"curies":[{"name":"wp","href":"https:\/\/api.w.org\/{rel}","templated":true}]}}